{"id":330,"date":"2021-08-24T10:20:25","date_gmt":"2021-08-24T13:20:25","guid":{"rendered":"http:\/\/foodtsa.com\/?page_id=330"},"modified":"2021-12-06T09:37:02","modified_gmt":"2021-12-06T12:37:02","slug":"taiyo","status":"publish","type":"page","link":"https:\/\/foodtsa.com\/en\/taiyo\/","title":{"rendered":"TAIYO"},"content":{"rendered":"<div class=\"wpb-content-wrapper\"><p><div class=\"vc_row wpb_row vc_row-fluid vc_custom_1627590497403\"><div class=\"wpb_column vc_column_container vc_col-sm-6\"><div class=\"vc_column-inner\"><div class=\"wpb_wrapper\">\n\t<div  class=\"wpb_single_image wpb_content_element vc_align_left\">\n\t\t\n\t\t<figure class=\"wpb_wrapper vc_figure\">\n\t\t\t<div class=\"vc_single_image-wrapper   vc_box_border_grey\"><img fetchpriority=\"high\" decoding=\"async\" width=\"499\" height=\"192\" src=\"https:\/\/foodtsa.com\/wp-content\/uploads\/2021\/11\/Untitled-design-18.png\" class=\"vc_single_image-img attachment-full\" alt=\"TAIYO Plant Based by FoodT\" title=\"Untitled design (18)\" srcset=\"https:\/\/foodtsa.com\/wp-content\/uploads\/2021\/11\/Untitled-design-18.png 499w, https:\/\/foodtsa.com\/wp-content\/uploads\/2021\/11\/Untitled-design-18-300x115.png 300w\" sizes=\"(max-width: 499px) 100vw, 499px\" \/><\/div>\n\t\t<\/figure>\n\t<\/div>\n\n\t<div class=\"wpb_text_column wpb_content_element\" >\n\t\t<div class=\"wpb_wrapper\">\n\t\t\t<p>Accompanying changes in consumption habits and due to the growing trend towards vegan and vegetarian nutrition, we have products that meet the needs of our customers and can be used in plant-based formulations in which we seek to replace raw meat materials. These products are vegetable proteins, salts, thickeners, stabilizers, among others, that improve the nutritional and organoleptic quality of non-meat products.<\/p>\n\n\t\t<\/div>\n\t<\/div>\n<\/div><\/div><\/div><div class=\"wpb_column vc_column_container vc_col-sm-6\"><div class=\"vc_column-inner\"><div class=\"wpb_wrapper\">\t\t<div id=\"gallery_164\" class=\"wd-images-gallery wd-wpb photoswipe-images wd-carousel-container wd-wpb\" style=\"--wd-justify-content:center;--wd-align-items:center;\">\n\t\t\t\t\t\t\t<div class=\"wd-carousel-inner\">\n\t\t\t\n\t\t\t<div class=\"wd-carousel wd-grid\"data-scroll_per_page=\"yes\" style=\"--wd-col-lg:1;--wd-col-md:1;--wd-col-sm:1;--wd-gap-lg:0px;\">\n\t\t\t\t\t\t\t\t\t<div class=\"wd-carousel-wrap\">\n\t\t\t\t\n\t\t\t\t\t\t\t\t\t\t\t\t\t\t\t<div class=\"wd-gallery-item wd-carousel-item\">\n\t\t\t\t\t\t\t\t\t\t\t\t\t\t<a href=\"https:\/\/foodtsa.com\/wp-content\/uploads\/2021\/09\/plant-based-1.jpg\" data-elementor-open-lightbox=\"no\" data-index=\"1\" data-width=\"800\" data-height=\"533\" \n\t\t\t\t\t\t\t\t\t\t\t\t >\n\t\t\t\t\t\t\t\t\n\t\t\t\t\t\t\t\t<img decoding=\"async\" width=\"800\" height=\"533\" src=\"https:\/\/foodtsa.com\/wp-content\/uploads\/2021\/09\/plant-based-1.jpg\" class=\"wd-gallery-image image-1\" alt=\"\" srcset=\"https:\/\/foodtsa.com\/wp-content\/uploads\/2021\/09\/plant-based-1.jpg 800w, https:\/\/foodtsa.com\/wp-content\/uploads\/2021\/09\/plant-based-1-300x200.jpg 300w, https:\/\/foodtsa.com\/wp-content\/uploads\/2021\/09\/plant-based-1-768x512.jpg 768w, https:\/\/foodtsa.com\/wp-content\/uploads\/2021\/09\/plant-based-1-600x400.jpg 600w\" sizes=\"(max-width: 800px) 100vw, 800px\" \/>\n\t\t\t\t\t\t\t\t\t\t\t\t\t\t\t<\/a>\n\t\t\t\t\t\t\t\t\t\t\t\t<\/div>\n\t\t\t\t\t\t\t\t\t\t\t<div class=\"wd-gallery-item wd-carousel-item\">\n\t\t\t\t\t\t\t\t\t\t\t\t\t\t<a href=\"https:\/\/foodtsa.com\/wp-content\/uploads\/2021\/09\/plant-based-2.jpg\" data-elementor-open-lightbox=\"no\" data-index=\"2\" data-width=\"800\" data-height=\"533\" \n\t\t\t\t\t\t\t\t\t\t\t\t >\n\t\t\t\t\t\t\t\t\n\t\t\t\t\t\t\t\t<img decoding=\"async\" width=\"800\" height=\"533\" src=\"https:\/\/foodtsa.com\/wp-content\/uploads\/2021\/09\/plant-based-2.jpg\" class=\"wd-gallery-image image-2\" alt=\"\" srcset=\"https:\/\/foodtsa.com\/wp-content\/uploads\/2021\/09\/plant-based-2.jpg 800w, https:\/\/foodtsa.com\/wp-content\/uploads\/2021\/09\/plant-based-2-300x200.jpg 300w, https:\/\/foodtsa.com\/wp-content\/uploads\/2021\/09\/plant-based-2-768x512.jpg 768w, https:\/\/foodtsa.com\/wp-content\/uploads\/2021\/09\/plant-based-2-600x400.jpg 600w\" sizes=\"(max-width: 800px) 100vw, 800px\" \/>\n\t\t\t\t\t\t\t\t\t\t\t\t\t\t\t<\/a>\n\t\t\t\t\t\t\t\t\t\t\t\t<\/div>\n\t\t\t\t\t\t\t\t\t\t\t<div class=\"wd-gallery-item wd-carousel-item\">\n\t\t\t\t\t\t\t\t\t\t\t\t\t\t<a href=\"https:\/\/foodtsa.com\/wp-content\/uploads\/2021\/09\/plant-based-3.jpg\" data-elementor-open-lightbox=\"no\" data-index=\"3\" data-width=\"800\" data-height=\"533\" \n\t\t\t\t\t\t\t\t\t\t\t\t >\n\t\t\t\t\t\t\t\t\n\t\t\t\t\t\t\t\t<img loading=\"lazy\" decoding=\"async\" width=\"800\" height=\"533\" src=\"https:\/\/foodtsa.com\/wp-content\/uploads\/2021\/09\/plant-based-3.jpg\" class=\"wd-gallery-image image-3\" alt=\"\" srcset=\"https:\/\/foodtsa.com\/wp-content\/uploads\/2021\/09\/plant-based-3.jpg 800w, https:\/\/foodtsa.com\/wp-content\/uploads\/2021\/09\/plant-based-3-300x200.jpg 300w, https:\/\/foodtsa.com\/wp-content\/uploads\/2021\/09\/plant-based-3-768x512.jpg 768w, https:\/\/foodtsa.com\/wp-content\/uploads\/2021\/09\/plant-based-3-600x400.jpg 600w\" sizes=\"(max-width: 800px) 100vw, 800px\" \/>\n\t\t\t\t\t\t\t\t\t\t\t\t\t\t\t<\/a>\n\t\t\t\t\t\t\t\t\t\t\t\t<\/div>\n\t\t\t\t\t\t\t\t\t\n\t\t\t\t\t\t\t\t\t<\/div>\n\t\t\t\t\t\t\t<\/div>\n\n\t\t\t\t\t\t\t\t\t\t\t\t\t\t<div class=\"wd-nav-arrows wd-pos-sep wd-hover-1 wd-icon-1\">\n\t\t\t<div class=\"wd-btn-arrow wd-prev wd-disabled\">\n\t\t\t\t<div class=\"wd-arrow-inner\"><\/div>\n\t\t\t<\/div>\n\t\t\t<div class=\"wd-btn-arrow wd-next\">\n\t\t\t\t<div class=\"wd-arrow-inner\"><\/div>\n\t\t\t<\/div>\n\t\t<\/div>\n\t\t\t\t\t\t\n\t\t\t\t<\/div>\n\n\t\t\t\t\t\t<div class=\"wd-nav-pagin-wrap text-center wd-style-shape wd-hide-md-sm wd-hide-sm\">\n\t\t\t<ul class=\"wd-nav-pagin\"><\/ul>\n\t\t<\/div>\n\t\t\t\t\t\t\t\t\t\t\t<\/div>\n\t\t<\/div><\/div><\/div><\/div><\/p>\n<\/div>","protected":false},"excerpt":{"rendered":"[:es] Acompa\u00f1ando los cambios en los h\u00e1bitos de consumo y debido a la creciente tendencia hacia la nutrici\u00f3n vegana y","protected":false},"author":1,"featured_media":0,"parent":0,"menu_order":0,"comment_status":"closed","ping_status":"closed","template":"","meta":{"footnotes":""},"class_list":["post-330","page","type-page","status-publish","hentry"],"yoast_head":"<!-- This site is optimized with the Yoast SEO plugin v25.5 - https:\/\/yoast.com\/wordpress\/plugins\/seo\/ -->\n<title>TAIYO - Food T<\/title>\n<meta name=\"robots\" content=\"index, follow, max-snippet:-1, max-image-preview:large, max-video-preview:-1\" \/>\n<link rel=\"canonical\" href=\"https:\/\/foodtsa.com\/en\/taiyo\/\" \/>\n<meta property=\"og:locale\" content=\"en_US\" \/>\n<meta property=\"og:type\" content=\"article\" \/>\n<meta property=\"og:title\" content=\"TAIYO - Food T\" \/>\n<meta property=\"og:url\" content=\"https:\/\/foodtsa.com\/en\/taiyo\/\" \/>\n<meta property=\"og:site_name\" content=\"Food T\" \/>\n<meta property=\"article:modified_time\" content=\"2021-12-06T12:37:02+00:00\" \/>\n<meta name=\"twitter:card\" content=\"summary_large_image\" \/>\n<meta name=\"twitter:label1\" content=\"Est. reading time\" \/>\n\t<meta name=\"twitter:data1\" content=\"2 minutes\" \/>\n<script type=\"application\/ld+json\" class=\"yoast-schema-graph\">{\"@context\":\"https:\/\/schema.org\",\"@graph\":[{\"@type\":\"WebPage\",\"@id\":\"https:\/\/foodtsa.com\/en\/taiyo\/\",\"url\":\"https:\/\/foodtsa.com\/en\/taiyo\/\",\"name\":\"TAIYO - Food T\",\"isPartOf\":{\"@id\":\"https:\/\/foodtsa.com\/en\/#website\"},\"datePublished\":\"2021-08-24T13:20:25+00:00\",\"dateModified\":\"2021-12-06T12:37:02+00:00\",\"breadcrumb\":{\"@id\":\"https:\/\/foodtsa.com\/en\/taiyo\/#breadcrumb\"},\"inLanguage\":\"en-US\",\"potentialAction\":[{\"@type\":\"ReadAction\",\"target\":[[\"https:\/\/foodtsa.com\/en\/taiyo\/\"]]}]},{\"@type\":\"BreadcrumbList\",\"@id\":\"https:\/\/foodtsa.com\/en\/taiyo\/#breadcrumb\",\"itemListElement\":[{\"@type\":\"ListItem\",\"position\":1,\"name\":\"Portada\",\"item\":\"https:\/\/foodtsa.com\/en\/\"},{\"@type\":\"ListItem\",\"position\":2,\"name\":\"TAIYO\"}]},{\"@type\":\"WebSite\",\"@id\":\"https:\/\/foodtsa.com\/en\/#website\",\"url\":\"https:\/\/foodtsa.com\/en\/\",\"name\":\"Food T\",\"description\":\"\",\"publisher\":{\"@id\":\"https:\/\/foodtsa.com\/en\/#organization\"},\"potentialAction\":[{\"@type\":\"SearchAction\",\"target\":{\"@type\":\"EntryPoint\",\"urlTemplate\":\"https:\/\/foodtsa.com\/en\/?s={search_term_string}\"},\"query-input\":{\"@type\":\"PropertyValueSpecification\",\"valueRequired\":true,\"valueName\":\"search_term_string\"}}],\"inLanguage\":\"en-US\"},{\"@type\":\"Organization\",\"@id\":\"https:\/\/foodtsa.com\/en\/#organization\",\"name\":\"Food T\",\"url\":\"https:\/\/foodtsa.com\/en\/\",\"logo\":{\"@type\":\"ImageObject\",\"inLanguage\":\"en-US\",\"@id\":\"https:\/\/foodtsa.com\/en\/#\/schema\/logo\/image\/\",\"url\":\"https:\/\/foodtsa.com\/wp-content\/uploads\/2022\/02\/fer-percivale-perfil.jpeg\",\"contentUrl\":\"https:\/\/foodtsa.com\/wp-content\/uploads\/2022\/02\/fer-percivale-perfil.jpeg\",\"width\":299,\"height\":299,\"caption\":\"Food T\"},\"image\":{\"@id\":\"https:\/\/foodtsa.com\/en\/#\/schema\/logo\/image\/\"}}]}<\/script>\n<!-- \/ Yoast SEO plugin. -->","yoast_head_json":{"title":"TAIYO - Food T","robots":{"index":"index","follow":"follow","max-snippet":"max-snippet:-1","max-image-preview":"max-image-preview:large","max-video-preview":"max-video-preview:-1"},"canonical":"https:\/\/foodtsa.com\/en\/taiyo\/","og_locale":"en_US","og_type":"article","og_title":"TAIYO - Food T","og_url":"https:\/\/foodtsa.com\/en\/taiyo\/","og_site_name":"Food T","article_modified_time":"2021-12-06T12:37:02+00:00","twitter_card":"summary_large_image","twitter_misc":{"Est. reading time":"2 minutes"},"schema":{"@context":"https:\/\/schema.org","@graph":[{"@type":"WebPage","@id":"https:\/\/foodtsa.com\/en\/taiyo\/","url":"https:\/\/foodtsa.com\/en\/taiyo\/","name":"TAIYO - Food T","isPartOf":{"@id":"https:\/\/foodtsa.com\/en\/#website"},"datePublished":"2021-08-24T13:20:25+00:00","dateModified":"2021-12-06T12:37:02+00:00","breadcrumb":{"@id":"https:\/\/foodtsa.com\/en\/taiyo\/#breadcrumb"},"inLanguage":"en-US","potentialAction":[{"@type":"ReadAction","target":[["https:\/\/foodtsa.com\/en\/taiyo\/"]]}]},{"@type":"BreadcrumbList","@id":"https:\/\/foodtsa.com\/en\/taiyo\/#breadcrumb","itemListElement":[{"@type":"ListItem","position":1,"name":"Portada","item":"https:\/\/foodtsa.com\/en\/"},{"@type":"ListItem","position":2,"name":"TAIYO"}]},{"@type":"WebSite","@id":"https:\/\/foodtsa.com\/en\/#website","url":"https:\/\/foodtsa.com\/en\/","name":"Food T","description":"","publisher":{"@id":"https:\/\/foodtsa.com\/en\/#organization"},"potentialAction":[{"@type":"SearchAction","target":{"@type":"EntryPoint","urlTemplate":"https:\/\/foodtsa.com\/en\/?s={search_term_string}"},"query-input":{"@type":"PropertyValueSpecification","valueRequired":true,"valueName":"search_term_string"}}],"inLanguage":"en-US"},{"@type":"Organization","@id":"https:\/\/foodtsa.com\/en\/#organization","name":"Food T","url":"https:\/\/foodtsa.com\/en\/","logo":{"@type":"ImageObject","inLanguage":"en-US","@id":"https:\/\/foodtsa.com\/en\/#\/schema\/logo\/image\/","url":"https:\/\/foodtsa.com\/wp-content\/uploads\/2022\/02\/fer-percivale-perfil.jpeg","contentUrl":"https:\/\/foodtsa.com\/wp-content\/uploads\/2022\/02\/fer-percivale-perfil.jpeg","width":299,"height":299,"caption":"Food T"},"image":{"@id":"https:\/\/foodtsa.com\/en\/#\/schema\/logo\/image\/"}}]}},"_links":{"self":[{"href":"https:\/\/foodtsa.com\/en\/wp-json\/wp\/v2\/pages\/330","targetHints":{"allow":["GET"]}}],"collection":[{"href":"https:\/\/foodtsa.com\/en\/wp-json\/wp\/v2\/pages"}],"about":[{"href":"https:\/\/foodtsa.com\/en\/wp-json\/wp\/v2\/types\/page"}],"author":[{"embeddable":true,"href":"https:\/\/foodtsa.com\/en\/wp-json\/wp\/v2\/users\/1"}],"replies":[{"embeddable":true,"href":"https:\/\/foodtsa.com\/en\/wp-json\/wp\/v2\/comments?post=330"}],"version-history":[{"count":0,"href":"https:\/\/foodtsa.com\/en\/wp-json\/wp\/v2\/pages\/330\/revisions"}],"wp:attachment":[{"href":"https:\/\/foodtsa.com\/en\/wp-json\/wp\/v2\/media?parent=330"}],"curies":[{"name":"wp","href":"https:\/\/api.w.org\/{rel}","templated":true}]}}