{"id":217,"date":"2021-07-29T17:23:50","date_gmt":"2021-07-29T20:23:50","guid":{"rendered":"http:\/\/foodtsa.com\/?page_id=217"},"modified":"2022-01-25T14:50:45","modified_gmt":"2022-01-25T17:50:45","slug":"tailor-made","status":"publish","type":"page","link":"https:\/\/foodtsa.com\/en\/tailor-made\/","title":{"rendered":"Tailor made"},"content":{"rendered":"<div class=\"wpb-content-wrapper\"><p><div class=\"vc_row wpb_row vc_row-fluid vc_custom_1627590298645\"><div class=\"wpb_column vc_column_container vc_col-sm-12\"><div class=\"vc_column-inner\"><div class=\"wpb_wrapper\">\n\t\t<div id=\"wd-61030e27b3b89\" class=\"title-wrapper wd-wpb wd-set-mb reset-last-child  wd-rs-61030e27b3b89 wd-title-color-primary wd-title-style-underlined text-left  wd-underline-colored\">\n\t\t\t\n\t\t\t<div class=\"liner-continer\">\n\t\t\t\t<h4 class=\"woodmart-title-container title  wd-font-weight- wd-fontsize-l\" >Tailor made<\/h4>\n\t\t\t\t\t\t\t<\/div>\n\t\t\t\n\t\t\t\n\t\t\t\n\t\t<\/div>\n\t\t\n\t\t<\/div><\/div><\/div><div class=\"wpb_column vc_column_container vc_col-sm-6\"><div class=\"vc_column-inner\"><div class=\"wpb_wrapper\">\n\t<div class=\"wpb_text_column wpb_content_element\" >\n\t\t<div class=\"wpb_wrapper\">\n\t\t\t<p>In our own production plant, our staff is trained for the tasks of production, development and quality control, which allows us to produce products complying with good manufacturing practices, therefore meeting the standards required by the food industry market. In addition, with our development team we can meet the needs and requirements of our customers. In the quality control laboratory, all raw materials and finished products are analyzed and evaluated, as well as new developments are tried.<\/p>\n<p>We make additives mixtures and functional mixtures. We offer the option of making customized products according to the requirements and formulations of our clients, always maintaining confidentiality and food quality.<\/p>\n\n\t\t<\/div>\n\t<\/div>\n<\/div><\/div><\/div><div class=\"wpb_column vc_column_container vc_col-sm-6\"><div class=\"vc_column-inner\"><div class=\"wpb_wrapper\">\t\t<div id=\"gallery_346\" class=\"wd-images-gallery wd-wpb photoswipe-images wd-carousel-container wd-wpb\" style=\"--wd-justify-content:center;--wd-align-items:center;\">\n\t\t\t\t\t\t\t<div class=\"wd-carousel-inner\">\n\t\t\t\n\t\t\t<div class=\"wd-carousel wd-grid\"data-scroll_per_page=\"yes\" style=\"--wd-col-lg:1;--wd-col-md:1;--wd-col-sm:1;--wd-gap-lg:0px;\">\n\t\t\t\t\t\t\t\t\t<div class=\"wd-carousel-wrap\">\n\t\t\t\t\n\t\t\t\t\t\t\t\t\t\t\t\t\t\t\t<div class=\"wd-gallery-item wd-carousel-item\">\n\t\t\t\t\t\t\t\t\t\t\t\t\t\t<a href=\"https:\/\/foodtsa.com\/wp-content\/uploads\/2021\/09\/tailor-made-1.jpg\" data-elementor-open-lightbox=\"no\" data-index=\"1\" data-width=\"800\" data-height=\"533\" \n\t\t\t\t\t\t\t\t\t\t\t\t >\n\t\t\t\t\t\t\t\t\n\t\t\t\t\t\t\t\t<img decoding=\"async\" width=\"800\" height=\"533\" src=\"https:\/\/foodtsa.com\/wp-content\/uploads\/2021\/09\/tailor-made-1.jpg\" class=\"wd-gallery-image image-1\" alt=\"\" srcset=\"https:\/\/foodtsa.com\/wp-content\/uploads\/2021\/09\/tailor-made-1.jpg 800w, https:\/\/foodtsa.com\/wp-content\/uploads\/2021\/09\/tailor-made-1-300x200.jpg 300w, https:\/\/foodtsa.com\/wp-content\/uploads\/2021\/09\/tailor-made-1-768x512.jpg 768w, https:\/\/foodtsa.com\/wp-content\/uploads\/2021\/09\/tailor-made-1-600x400.jpg 600w\" sizes=\"(max-width: 800px) 100vw, 800px\" \/>\n\t\t\t\t\t\t\t\t\t\t\t\t\t\t\t<\/a>\n\t\t\t\t\t\t\t\t\t\t\t\t<\/div>\n\t\t\t\t\t\t\t\t\t\n\t\t\t\t\t\t\t\t\t<\/div>\n\t\t\t\t\t\t\t<\/div>\n\n\t\t\t\t\t\t\t\t\t\t\t\t\t\t<div class=\"wd-nav-arrows wd-pos-sep wd-hover-1 wd-icon-1\">\n\t\t\t<div class=\"wd-btn-arrow wd-prev wd-disabled\">\n\t\t\t\t<div class=\"wd-arrow-inner\"><\/div>\n\t\t\t<\/div>\n\t\t\t<div class=\"wd-btn-arrow wd-next\">\n\t\t\t\t<div class=\"wd-arrow-inner\"><\/div>\n\t\t\t<\/div>\n\t\t<\/div>\n\t\t\t\t\t\t\n\t\t\t\t<\/div>\n\n\t\t\t\t\t\t<div class=\"wd-nav-pagin-wrap text-center wd-style-shape wd-hide-md-sm wd-hide-sm\">\n\t\t\t<ul class=\"wd-nav-pagin\"><\/ul>\n\t\t<\/div>\n\t\t\t\t\t\t\t\t\t\t\t<\/div>\n\t\t<\/div><\/div><\/div><\/div><\/p>\n<\/div>","protected":false},"excerpt":{"rendered":"[:es] Tailor made En la planta de elaboraci\u00f3n propia, nuestro personal est\u00e1 capacitado para las tareas de producci\u00f3n, desarrollo y","protected":false},"author":1,"featured_media":0,"parent":0,"menu_order":0,"comment_status":"closed","ping_status":"closed","template":"","meta":{"footnotes":""},"class_list":["post-217","page","type-page","status-publish","hentry"],"yoast_head":"<!-- This site is optimized with the Yoast SEO plugin v25.5 - https:\/\/yoast.com\/wordpress\/plugins\/seo\/ -->\n<title>Tailor made - Food T<\/title>\n<meta name=\"robots\" content=\"index, follow, max-snippet:-1, max-image-preview:large, max-video-preview:-1\" \/>\n<link rel=\"canonical\" href=\"https:\/\/foodtsa.com\/en\/tailor-made\/\" \/>\n<meta property=\"og:locale\" content=\"en_US\" \/>\n<meta property=\"og:type\" content=\"article\" \/>\n<meta property=\"og:title\" content=\"Tailor made - Food T\" \/>\n<meta property=\"og:url\" content=\"https:\/\/foodtsa.com\/en\/tailor-made\/\" \/>\n<meta property=\"og:site_name\" content=\"Food T\" \/>\n<meta property=\"article:modified_time\" content=\"2022-01-25T17:50:45+00:00\" \/>\n<meta name=\"twitter:card\" content=\"summary_large_image\" \/>\n<meta name=\"twitter:label1\" content=\"Est. reading time\" \/>\n\t<meta name=\"twitter:data1\" content=\"2 minutes\" \/>\n<script type=\"application\/ld+json\" class=\"yoast-schema-graph\">{\"@context\":\"https:\/\/schema.org\",\"@graph\":[{\"@type\":\"WebPage\",\"@id\":\"https:\/\/foodtsa.com\/en\/tailor-made\/\",\"url\":\"https:\/\/foodtsa.com\/en\/tailor-made\/\",\"name\":\"Tailor made - Food T\",\"isPartOf\":{\"@id\":\"https:\/\/foodtsa.com\/en\/#website\"},\"datePublished\":\"2021-07-29T20:23:50+00:00\",\"dateModified\":\"2022-01-25T17:50:45+00:00\",\"breadcrumb\":{\"@id\":\"https:\/\/foodtsa.com\/en\/tailor-made\/#breadcrumb\"},\"inLanguage\":\"en-US\",\"potentialAction\":[{\"@type\":\"ReadAction\",\"target\":[[\"https:\/\/foodtsa.com\/en\/tailor-made\/\"]]}]},{\"@type\":\"BreadcrumbList\",\"@id\":\"https:\/\/foodtsa.com\/en\/tailor-made\/#breadcrumb\",\"itemListElement\":[{\"@type\":\"ListItem\",\"position\":1,\"name\":\"Portada\",\"item\":\"https:\/\/foodtsa.com\/en\/\"},{\"@type\":\"ListItem\",\"position\":2,\"name\":\"Tailor made\"}]},{\"@type\":\"WebSite\",\"@id\":\"https:\/\/foodtsa.com\/en\/#website\",\"url\":\"https:\/\/foodtsa.com\/en\/\",\"name\":\"Food T\",\"description\":\"\",\"publisher\":{\"@id\":\"https:\/\/foodtsa.com\/en\/#organization\"},\"potentialAction\":[{\"@type\":\"SearchAction\",\"target\":{\"@type\":\"EntryPoint\",\"urlTemplate\":\"https:\/\/foodtsa.com\/en\/?s={search_term_string}\"},\"query-input\":{\"@type\":\"PropertyValueSpecification\",\"valueRequired\":true,\"valueName\":\"search_term_string\"}}],\"inLanguage\":\"en-US\"},{\"@type\":\"Organization\",\"@id\":\"https:\/\/foodtsa.com\/en\/#organization\",\"name\":\"Food T\",\"url\":\"https:\/\/foodtsa.com\/en\/\",\"logo\":{\"@type\":\"ImageObject\",\"inLanguage\":\"en-US\",\"@id\":\"https:\/\/foodtsa.com\/en\/#\/schema\/logo\/image\/\",\"url\":\"https:\/\/foodtsa.com\/wp-content\/uploads\/2022\/02\/fer-percivale-perfil.jpeg\",\"contentUrl\":\"https:\/\/foodtsa.com\/wp-content\/uploads\/2022\/02\/fer-percivale-perfil.jpeg\",\"width\":299,\"height\":299,\"caption\":\"Food T\"},\"image\":{\"@id\":\"https:\/\/foodtsa.com\/en\/#\/schema\/logo\/image\/\"}}]}<\/script>\n<!-- \/ Yoast SEO plugin. -->","yoast_head_json":{"title":"Tailor made - Food T","robots":{"index":"index","follow":"follow","max-snippet":"max-snippet:-1","max-image-preview":"max-image-preview:large","max-video-preview":"max-video-preview:-1"},"canonical":"https:\/\/foodtsa.com\/en\/tailor-made\/","og_locale":"en_US","og_type":"article","og_title":"Tailor made - Food T","og_url":"https:\/\/foodtsa.com\/en\/tailor-made\/","og_site_name":"Food T","article_modified_time":"2022-01-25T17:50:45+00:00","twitter_card":"summary_large_image","twitter_misc":{"Est. reading time":"2 minutes"},"schema":{"@context":"https:\/\/schema.org","@graph":[{"@type":"WebPage","@id":"https:\/\/foodtsa.com\/en\/tailor-made\/","url":"https:\/\/foodtsa.com\/en\/tailor-made\/","name":"Tailor made - Food T","isPartOf":{"@id":"https:\/\/foodtsa.com\/en\/#website"},"datePublished":"2021-07-29T20:23:50+00:00","dateModified":"2022-01-25T17:50:45+00:00","breadcrumb":{"@id":"https:\/\/foodtsa.com\/en\/tailor-made\/#breadcrumb"},"inLanguage":"en-US","potentialAction":[{"@type":"ReadAction","target":[["https:\/\/foodtsa.com\/en\/tailor-made\/"]]}]},{"@type":"BreadcrumbList","@id":"https:\/\/foodtsa.com\/en\/tailor-made\/#breadcrumb","itemListElement":[{"@type":"ListItem","position":1,"name":"Portada","item":"https:\/\/foodtsa.com\/en\/"},{"@type":"ListItem","position":2,"name":"Tailor made"}]},{"@type":"WebSite","@id":"https:\/\/foodtsa.com\/en\/#website","url":"https:\/\/foodtsa.com\/en\/","name":"Food T","description":"","publisher":{"@id":"https:\/\/foodtsa.com\/en\/#organization"},"potentialAction":[{"@type":"SearchAction","target":{"@type":"EntryPoint","urlTemplate":"https:\/\/foodtsa.com\/en\/?s={search_term_string}"},"query-input":{"@type":"PropertyValueSpecification","valueRequired":true,"valueName":"search_term_string"}}],"inLanguage":"en-US"},{"@type":"Organization","@id":"https:\/\/foodtsa.com\/en\/#organization","name":"Food T","url":"https:\/\/foodtsa.com\/en\/","logo":{"@type":"ImageObject","inLanguage":"en-US","@id":"https:\/\/foodtsa.com\/en\/#\/schema\/logo\/image\/","url":"https:\/\/foodtsa.com\/wp-content\/uploads\/2022\/02\/fer-percivale-perfil.jpeg","contentUrl":"https:\/\/foodtsa.com\/wp-content\/uploads\/2022\/02\/fer-percivale-perfil.jpeg","width":299,"height":299,"caption":"Food T"},"image":{"@id":"https:\/\/foodtsa.com\/en\/#\/schema\/logo\/image\/"}}]}},"_links":{"self":[{"href":"https:\/\/foodtsa.com\/en\/wp-json\/wp\/v2\/pages\/217","targetHints":{"allow":["GET"]}}],"collection":[{"href":"https:\/\/foodtsa.com\/en\/wp-json\/wp\/v2\/pages"}],"about":[{"href":"https:\/\/foodtsa.com\/en\/wp-json\/wp\/v2\/types\/page"}],"author":[{"embeddable":true,"href":"https:\/\/foodtsa.com\/en\/wp-json\/wp\/v2\/users\/1"}],"replies":[{"embeddable":true,"href":"https:\/\/foodtsa.com\/en\/wp-json\/wp\/v2\/comments?post=217"}],"version-history":[{"count":0,"href":"https:\/\/foodtsa.com\/en\/wp-json\/wp\/v2\/pages\/217\/revisions"}],"wp:attachment":[{"href":"https:\/\/foodtsa.com\/en\/wp-json\/wp\/v2\/media?parent=217"}],"curies":[{"name":"wp","href":"https:\/\/api.w.org\/{rel}","templated":true}]}}