{"id":127,"date":"2021-07-01T16:28:47","date_gmt":"2021-07-01T19:28:47","guid":{"rendered":"http:\/\/foodtsa.com\/?page_id=127"},"modified":"2024-10-22T11:50:45","modified_gmt":"2024-10-22T14:50:45","slug":"aditivos","status":"publish","type":"page","link":"https:\/\/foodtsa.com\/en\/aditivos\/","title":{"rendered":"Additives"},"content":{"rendered":"<div class=\"wpb-content-wrapper\"><div class=\"vc_row wpb_row vc_row-fluid vc_custom_1627590497403\"><div class=\"wpb_column vc_column_container vc_col-sm-12\"><div class=\"vc_column-inner\"><div class=\"wpb_wrapper\">\n\t\t<div id=\"wd-60de1a9488ae0\" class=\"title-wrapper wd-wpb wd-set-mb reset-last-child  wd-rs-60de1a9488ae0 wd-title-color-primary wd-title-style-underlined text-left  wd-underline-colored\">\n\t\t\t\n\t\t\t<div class=\"liner-continer\">\n\t\t\t\t<h4 class=\"woodmart-title-container title  wd-font-weight- wd-fontsize-l\" >Aditivos<\/h4>\n\t\t\t\t\t\t\t<\/div>\n\t\t\t\n\t\t\t\n\t\t\t\n\t\t<\/div>\n\t\t\n\t\t<\/div><\/div><\/div><div class=\"wpb_column vc_column_container vc_col-sm-6\"><div class=\"vc_column-inner\"><div class=\"wpb_wrapper\">\n\t<div class=\"wpb_text_column wpb_content_element\" >\n\t\t<div class=\"wpb_wrapper\">\n\t\t\t<p>Productos funcionales que contribuyen a la calidad de los productos finales. Aditivos con los m\u00e1s altos est\u00e1ndares de calidad y con estricto control de las cadenas de abastecimiento y producci\u00f3n. <b>Food T<\/b> invierte en dar a conocer nuevas soluciones de tecnolog\u00eda alimentaria aplicada, nuevas formulaciones y aplicaciones para todos los segmentos de la industria.<\/p>\n\n\t\t<\/div>\n\t<\/div>\n\n\t<div class=\"wpb_text_column wpb_content_element\" >\n\t\t<div class=\"wpb_wrapper\">\n\t\t\t<ul style=\"columns: 2 200px;\">\n<li>Bacteriost\u00e1ticos<\/li>\n<li>Batter para rebozados<\/li>\n<li>Carrageninas e Hidrocoloides<\/li>\n<li>F\u00e9cula de papa<\/li>\n<li>Fibras<\/li>\n<li>Fosfatos<\/li>\n<li>Gomas<\/li>\n<li>Integrales funcionales<\/li>\n<li>Lactato de sodio<\/li>\n<li>Mezclas tailor-made<\/li>\n<li>Nisina y Natamicina<\/li>\n<li>N\u00facleos plant-based<\/li>\n<li>Prote\u00ednas animales<\/li>\n<li>Prote\u00ednas vegetales<\/li>\n<li>Sabores<\/li>\n<li>Starters para c\u00e1rnicos<\/li>\n<li>Starters para l\u00e1cteos<\/li>\n<\/ul>\n<p>&nbsp;<\/p>\n\n\t\t<\/div>\n\t<\/div>\n<\/div><\/div><\/div><div class=\"wpb_column vc_column_container vc_col-sm-6\"><div class=\"vc_column-inner\"><div class=\"wpb_wrapper\">\t\t<div id=\"gallery_457\" class=\"wd-images-gallery wd-wpb photoswipe-images wd-carousel-container wd-wpb\" style=\"--wd-justify-content:center;--wd-align-items:center;\">\n\t\t\t\t\t\t\t<div class=\"wd-carousel-inner\">\n\t\t\t\n\t\t\t<div class=\"wd-carousel wd-grid\"data-scroll_per_page=\"yes\" style=\"--wd-col-lg:1;--wd-col-md:1;--wd-col-sm:1;--wd-gap-lg:0px;\">\n\t\t\t\t\t\t\t\t\t<div class=\"wd-carousel-wrap\">\n\t\t\t\t\n\t\t\t\t\t\t\t\t\t\t\t\t\t\t\t<div class=\"wd-gallery-item wd-carousel-item\">\n\t\t\t\t\t\t\t\t\t\t\t\t\t\t<a href=\"https:\/\/foodtsa.com\/wp-content\/uploads\/2021\/09\/aditivos-1.jpg\" data-elementor-open-lightbox=\"no\" data-index=\"1\" data-width=\"800\" data-height=\"533\" \n\t\t\t\t\t\t\t\t\t\t\t\t >\n\t\t\t\t\t\t\t\t\n\t\t\t\t\t\t\t\t<img fetchpriority=\"high\" decoding=\"async\" width=\"800\" height=\"533\" src=\"https:\/\/foodtsa.com\/wp-content\/uploads\/2021\/09\/aditivos-1.jpg\" class=\"wd-gallery-image image-1\" alt=\"\" srcset=\"https:\/\/foodtsa.com\/wp-content\/uploads\/2021\/09\/aditivos-1.jpg 800w, https:\/\/foodtsa.com\/wp-content\/uploads\/2021\/09\/aditivos-1-300x200.jpg 300w, https:\/\/foodtsa.com\/wp-content\/uploads\/2021\/09\/aditivos-1-768x512.jpg 768w, https:\/\/foodtsa.com\/wp-content\/uploads\/2021\/09\/aditivos-1-600x400.jpg 600w\" sizes=\"(max-width: 800px) 100vw, 800px\" \/>\n\t\t\t\t\t\t\t\t\t\t\t\t\t\t\t<\/a>\n\t\t\t\t\t\t\t\t\t\t\t\t<\/div>\n\t\t\t\t\t\t\t\t\t\t\t<div class=\"wd-gallery-item wd-carousel-item\">\n\t\t\t\t\t\t\t\t\t\t\t\t\t\t<a href=\"https:\/\/foodtsa.com\/wp-content\/uploads\/2021\/09\/aditivos-2.jpg\" data-elementor-open-lightbox=\"no\" data-index=\"2\" data-width=\"800\" data-height=\"533\" \n\t\t\t\t\t\t\t\t\t\t\t\t >\n\t\t\t\t\t\t\t\t\n\t\t\t\t\t\t\t\t<img decoding=\"async\" width=\"800\" height=\"533\" src=\"https:\/\/foodtsa.com\/wp-content\/uploads\/2021\/09\/aditivos-2.jpg\" class=\"wd-gallery-image image-2\" alt=\"\" srcset=\"https:\/\/foodtsa.com\/wp-content\/uploads\/2021\/09\/aditivos-2.jpg 800w, https:\/\/foodtsa.com\/wp-content\/uploads\/2021\/09\/aditivos-2-300x200.jpg 300w, https:\/\/foodtsa.com\/wp-content\/uploads\/2021\/09\/aditivos-2-768x512.jpg 768w, https:\/\/foodtsa.com\/wp-content\/uploads\/2021\/09\/aditivos-2-600x400.jpg 600w\" sizes=\"(max-width: 800px) 100vw, 800px\" \/>\n\t\t\t\t\t\t\t\t\t\t\t\t\t\t\t<\/a>\n\t\t\t\t\t\t\t\t\t\t\t\t<\/div>\n\t\t\t\t\t\t\t\t\t\t\t<div class=\"wd-gallery-item wd-carousel-item\">\n\t\t\t\t\t\t\t\t\t\t\t\t\t\t<a href=\"https:\/\/foodtsa.com\/wp-content\/uploads\/2021\/07\/aditivos_021.jpg\" data-elementor-open-lightbox=\"no\" data-index=\"3\" data-width=\"800\" data-height=\"533\" \n\t\t\t\t\t\t\t\t\t\t\t\t >\n\t\t\t\t\t\t\t\t\n\t\t\t\t\t\t\t\t<img decoding=\"async\" width=\"800\" height=\"533\" src=\"https:\/\/foodtsa.com\/wp-content\/uploads\/2021\/07\/aditivos_021.jpg\" class=\"wd-gallery-image image-3\" alt=\"\" srcset=\"https:\/\/foodtsa.com\/wp-content\/uploads\/2021\/07\/aditivos_021.jpg 800w, https:\/\/foodtsa.com\/wp-content\/uploads\/2021\/07\/aditivos_021-300x200.jpg 300w, https:\/\/foodtsa.com\/wp-content\/uploads\/2021\/07\/aditivos_021-768x512.jpg 768w, https:\/\/foodtsa.com\/wp-content\/uploads\/2021\/07\/aditivos_021-600x400.jpg 600w\" sizes=\"(max-width: 800px) 100vw, 800px\" \/>\n\t\t\t\t\t\t\t\t\t\t\t\t\t\t\t<\/a>\n\t\t\t\t\t\t\t\t\t\t\t\t<\/div>\n\t\t\t\t\t\t\t\t\t\n\t\t\t\t\t\t\t\t\t<\/div>\n\t\t\t\t\t\t\t<\/div>\n\n\t\t\t\t\t\t\t\t\t\t\t\t\t\t<div class=\"wd-nav-arrows wd-pos-sep wd-hover-1 wd-icon-1\">\n\t\t\t<div class=\"wd-btn-arrow wd-prev wd-disabled\">\n\t\t\t\t<div class=\"wd-arrow-inner\"><\/div>\n\t\t\t<\/div>\n\t\t\t<div class=\"wd-btn-arrow wd-next\">\n\t\t\t\t<div class=\"wd-arrow-inner\"><\/div>\n\t\t\t<\/div>\n\t\t<\/div>\n\t\t\t\t\t\t\n\t\t\t\t<\/div>\n\n\t\t\t\t\t\t<div class=\"wd-nav-pagin-wrap text-center wd-style-shape wd-hide-md-sm wd-hide-sm\">\n\t\t\t<ul class=\"wd-nav-pagin\"><\/ul>\n\t\t<\/div>\n\t\t\t\t\t\t\t\t\t\t\t<\/div>\n\t\t<\/div><\/div><\/div><\/div>\n<\/div>","protected":false},"excerpt":{"rendered":"Aditivos Productos funcionales que contribuyen a la calidad de los productos finales. Aditivos con los m\u00e1s altos est\u00e1ndares de calidad","protected":false},"author":1,"featured_media":0,"parent":0,"menu_order":0,"comment_status":"closed","ping_status":"closed","template":"","meta":{"footnotes":""},"class_list":["post-127","page","type-page","status-publish","hentry"],"yoast_head":"<!-- This site is optimized with the Yoast SEO plugin v25.5 - https:\/\/yoast.com\/wordpress\/plugins\/seo\/ -->\n<title>Additives - Food T<\/title>\n<meta name=\"robots\" content=\"index, follow, max-snippet:-1, max-image-preview:large, max-video-preview:-1\" \/>\n<link rel=\"canonical\" href=\"https:\/\/foodtsa.com\/en\/aditivos\/\" \/>\n<meta property=\"og:locale\" content=\"en_US\" \/>\n<meta property=\"og:type\" content=\"article\" \/>\n<meta property=\"og:title\" content=\"Additives - Food T\" \/>\n<meta property=\"og:url\" content=\"https:\/\/foodtsa.com\/en\/aditivos\/\" \/>\n<meta property=\"og:site_name\" content=\"Food T\" \/>\n<meta property=\"article:modified_time\" content=\"2024-10-22T14:50:45+00:00\" \/>\n<meta name=\"twitter:card\" content=\"summary_large_image\" \/>\n<meta name=\"twitter:label1\" content=\"Est. reading time\" \/>\n\t<meta name=\"twitter:data1\" content=\"1 minute\" \/>\n<script type=\"application\/ld+json\" class=\"yoast-schema-graph\">{\"@context\":\"https:\/\/schema.org\",\"@graph\":[{\"@type\":\"WebPage\",\"@id\":\"https:\/\/foodtsa.com\/en\/aditivos\/\",\"url\":\"https:\/\/foodtsa.com\/en\/aditivos\/\",\"name\":\"Additives - Food T\",\"isPartOf\":{\"@id\":\"https:\/\/foodtsa.com\/en\/#website\"},\"datePublished\":\"2021-07-01T19:28:47+00:00\",\"dateModified\":\"2024-10-22T14:50:45+00:00\",\"breadcrumb\":{\"@id\":\"https:\/\/foodtsa.com\/en\/aditivos\/#breadcrumb\"},\"inLanguage\":\"en-US\",\"potentialAction\":[{\"@type\":\"ReadAction\",\"target\":[[\"https:\/\/foodtsa.com\/en\/aditivos\/\"]]}]},{\"@type\":\"BreadcrumbList\",\"@id\":\"https:\/\/foodtsa.com\/en\/aditivos\/#breadcrumb\",\"itemListElement\":[{\"@type\":\"ListItem\",\"position\":1,\"name\":\"Portada\",\"item\":\"https:\/\/foodtsa.com\/en\/\"},{\"@type\":\"ListItem\",\"position\":2,\"name\":\"Aditivos\"}]},{\"@type\":\"WebSite\",\"@id\":\"https:\/\/foodtsa.com\/en\/#website\",\"url\":\"https:\/\/foodtsa.com\/en\/\",\"name\":\"Food T\",\"description\":\"\",\"publisher\":{\"@id\":\"https:\/\/foodtsa.com\/en\/#organization\"},\"potentialAction\":[{\"@type\":\"SearchAction\",\"target\":{\"@type\":\"EntryPoint\",\"urlTemplate\":\"https:\/\/foodtsa.com\/en\/?s={search_term_string}\"},\"query-input\":{\"@type\":\"PropertyValueSpecification\",\"valueRequired\":true,\"valueName\":\"search_term_string\"}}],\"inLanguage\":\"en-US\"},{\"@type\":\"Organization\",\"@id\":\"https:\/\/foodtsa.com\/en\/#organization\",\"name\":\"Food T\",\"url\":\"https:\/\/foodtsa.com\/en\/\",\"logo\":{\"@type\":\"ImageObject\",\"inLanguage\":\"en-US\",\"@id\":\"https:\/\/foodtsa.com\/en\/#\/schema\/logo\/image\/\",\"url\":\"https:\/\/foodtsa.com\/wp-content\/uploads\/2022\/02\/fer-percivale-perfil.jpeg\",\"contentUrl\":\"https:\/\/foodtsa.com\/wp-content\/uploads\/2022\/02\/fer-percivale-perfil.jpeg\",\"width\":299,\"height\":299,\"caption\":\"Food T\"},\"image\":{\"@id\":\"https:\/\/foodtsa.com\/en\/#\/schema\/logo\/image\/\"}}]}<\/script>\n<!-- \/ Yoast SEO plugin. -->","yoast_head_json":{"title":"Additives - Food T","robots":{"index":"index","follow":"follow","max-snippet":"max-snippet:-1","max-image-preview":"max-image-preview:large","max-video-preview":"max-video-preview:-1"},"canonical":"https:\/\/foodtsa.com\/en\/aditivos\/","og_locale":"en_US","og_type":"article","og_title":"Additives - Food T","og_url":"https:\/\/foodtsa.com\/en\/aditivos\/","og_site_name":"Food T","article_modified_time":"2024-10-22T14:50:45+00:00","twitter_card":"summary_large_image","twitter_misc":{"Est. reading time":"1 minute"},"schema":{"@context":"https:\/\/schema.org","@graph":[{"@type":"WebPage","@id":"https:\/\/foodtsa.com\/en\/aditivos\/","url":"https:\/\/foodtsa.com\/en\/aditivos\/","name":"Additives - Food T","isPartOf":{"@id":"https:\/\/foodtsa.com\/en\/#website"},"datePublished":"2021-07-01T19:28:47+00:00","dateModified":"2024-10-22T14:50:45+00:00","breadcrumb":{"@id":"https:\/\/foodtsa.com\/en\/aditivos\/#breadcrumb"},"inLanguage":"en-US","potentialAction":[{"@type":"ReadAction","target":[["https:\/\/foodtsa.com\/en\/aditivos\/"]]}]},{"@type":"BreadcrumbList","@id":"https:\/\/foodtsa.com\/en\/aditivos\/#breadcrumb","itemListElement":[{"@type":"ListItem","position":1,"name":"Portada","item":"https:\/\/foodtsa.com\/en\/"},{"@type":"ListItem","position":2,"name":"Aditivos"}]},{"@type":"WebSite","@id":"https:\/\/foodtsa.com\/en\/#website","url":"https:\/\/foodtsa.com\/en\/","name":"Food T","description":"","publisher":{"@id":"https:\/\/foodtsa.com\/en\/#organization"},"potentialAction":[{"@type":"SearchAction","target":{"@type":"EntryPoint","urlTemplate":"https:\/\/foodtsa.com\/en\/?s={search_term_string}"},"query-input":{"@type":"PropertyValueSpecification","valueRequired":true,"valueName":"search_term_string"}}],"inLanguage":"en-US"},{"@type":"Organization","@id":"https:\/\/foodtsa.com\/en\/#organization","name":"Food T","url":"https:\/\/foodtsa.com\/en\/","logo":{"@type":"ImageObject","inLanguage":"en-US","@id":"https:\/\/foodtsa.com\/en\/#\/schema\/logo\/image\/","url":"https:\/\/foodtsa.com\/wp-content\/uploads\/2022\/02\/fer-percivale-perfil.jpeg","contentUrl":"https:\/\/foodtsa.com\/wp-content\/uploads\/2022\/02\/fer-percivale-perfil.jpeg","width":299,"height":299,"caption":"Food T"},"image":{"@id":"https:\/\/foodtsa.com\/en\/#\/schema\/logo\/image\/"}}]}},"_links":{"self":[{"href":"https:\/\/foodtsa.com\/en\/wp-json\/wp\/v2\/pages\/127","targetHints":{"allow":["GET"]}}],"collection":[{"href":"https:\/\/foodtsa.com\/en\/wp-json\/wp\/v2\/pages"}],"about":[{"href":"https:\/\/foodtsa.com\/en\/wp-json\/wp\/v2\/types\/page"}],"author":[{"embeddable":true,"href":"https:\/\/foodtsa.com\/en\/wp-json\/wp\/v2\/users\/1"}],"replies":[{"embeddable":true,"href":"https:\/\/foodtsa.com\/en\/wp-json\/wp\/v2\/comments?post=127"}],"version-history":[{"count":0,"href":"https:\/\/foodtsa.com\/en\/wp-json\/wp\/v2\/pages\/127\/revisions"}],"wp:attachment":[{"href":"https:\/\/foodtsa.com\/en\/wp-json\/wp\/v2\/media?parent=127"}],"curies":[{"name":"wp","href":"https:\/\/api.w.org\/{rel}","templated":true}]}}